{"id":72,"date":"2022-09-18T16:37:05","date_gmt":"2022-09-18T16:37:05","guid":{"rendered":"https:\/\/www.machine-cultures.net\/?page_id=72"},"modified":"2022-10-11T08:12:19","modified_gmt":"2022-10-11T08:12:19","slug":"literatur","status":"publish","type":"page","link":"https:\/\/www.machine-cultures.net\/?page_id=72","title":{"rendered":"Seminar: Literatur"},"content":{"rendered":"<p>Wir schreiben:<\/p>\n<ul>\n<li>Edupad &#8222;Praxistheorie&#8220;: <a href=\"https:\/\/edupad.ch\/p\/4wJA5ugxeL\" target=\"_blank\" rel=\"noopener\">https:\/\/edupad.ch\/p\/4wJA5ugxeL<\/a><\/li>\n<li>Edupad Seminarnotizen:\u00a0<a href=\"https:\/\/edupad.ch\/p\/Z0NrcTZcKS\" target=\"_blank\" rel=\"noopener\">https:\/\/edupad.ch\/p\/Z0NrcTZcKS<\/a><\/li>\n<\/ul>\n<p>Wir lesen:<\/p>\n<p style=\"font-weight: 400;\">Abbate, Janet: Interpreten der Datenverarbeitung: Frauen im Zweiten Weltkrieg und die fr\u00fche Computerindustrie. In: Kr\u00e4mer, S. (Hrsg.): <em>Ada Lovelace: die Pionierin der Computertechnik und ihre Nachfolgerinnen<\/em>. Paderborn : Wilhelm Fink, 2015, S.\u00a099\u2013113<\/p>\n<p style=\"font-weight: 400;\">Bubenhofer, Noah: <em>Visuelle Linguistik: Zur Genese, Funktion und Kategorisierung von Diagrammen in der Sprachwissenschaft<\/em>, <em>Impulse und Tendenzen<\/em>. Berlin u.a. : De Gruyter, 2020<\/p>\n<p style=\"font-weight: 400;\">Deppermann, Arnulf\/Feilke, Helmuth\/Linke, Angelika: Sprachliche und kommunikative Praktiken: Eine Ann\u00e4herung aus linguistischer Sicht. In: Deppermann, A.\/Feilke, H.\/Linke, A. (Hrsg.): <em>Sprachliche und kommunikative Praktiken<\/em>. Berlin, Boston : De Gruyter, 2016, S.\u00a01\u201324<\/p>\n<p style=\"font-weight: 400;\">Dorer, Johanna: Genealogie neuer Kommunikationstechnologien und Geschlecht. Zu den Anf\u00e4ngen des Internets. In: Dorer, J.\/Geiger, B.\/Hipfl, B.\/Ratkovi\u0107, V. (Hrsg.): <em>Handbuch Medien und Geschlecht<\/em>, <em>Springer Reference Sozialwissenschaften<\/em>. Wiesbaden : Springer Fachmedien Wiesbaden, 2022, S.\u00a01\u201315<\/p>\n<p style=\"font-weight: 400;\">Ebner-Zarl, Astrid: Digitale Spiele als Gegenstand feministischer Game Studies. In: Dorer, J.\/Geiger, B.\/Hipfl, B.\/Ratkovi\u0107, V. (Hrsg.): <em>Handbuch Medien und Geschlecht: Perspektiven und Befunde der feministischen Kommunikations- und Medienforschung<\/em>, <em>Springer Reference Sozialwissenschaften<\/em>. Wiesbaden : Springer Fachmedien, 2019, S.\u00a01\u201314<\/p>\n<p style=\"font-weight: 400;\">Emerson, Lori: The Media Archaeology Lab as Platform for Undoing and Reimagining Media History. In: <em>Hands on Media History<\/em> : Routledge, 2019<\/p>\n<p style=\"font-weight: 400;\">Fickers, Andreas: Hands-on! Pl\u00e4doyer f\u00fcr eine experimentelle Medienarch\u00e4ologie. In: <em>Technikgeschichte<\/em> Bd. 1 (2015), Nr.\u00a082, S.\u00a067\u201385<\/p>\n<p style=\"font-weight: 400;\">Gardey, Delphine: The standardization of a technical practice: typing (1883-1930). In: <em>Reseaux (London, England)<\/em> Bd. 6. Paris, Herm\u00e8s Science Publications (1998), Nr.\u00a02, S.\u00a0255\u2013281<\/p>\n<p style=\"font-weight: 400;\">Gitelman, Lisa: <em>Scripts, grooves, and writing machines: representing technology in the Edison era<\/em>. Stanford, CA : Stanford University Press, 1999<\/p>\n<p style=\"font-weight: 400;\">Gitelman, Lisa: <em>Paper knowledge: toward a media history of documents<\/em>, <em>Sign, Storage, Transmission<\/em>. Durham\u202f; London : Duke University Press, 2014<\/p>\n<p style=\"font-weight: 400;\">Gredig, Andi: Schreiben mit der Hand. Begriffe, Diskurse, Praktiken. <a href=\"https:\/\/www.zora.uzh.ch\/id\/eprint\/196518\/\">https:\/\/www.zora.uzh.ch\/id\/eprint\/196518\/<\/a><\/p>\n<p style=\"font-weight: 400;\">G\u00fcl Erdogan, Julia: <em>Avantgarde der Computernutzung. Hackerkulturen der Bundesrepublik und DDR<\/em>, 2021<\/p>\n<p style=\"font-weight: 400;\">Heilmann, Till A.: <em>Textverarbeitung. Eine Mediengeschichte des Computers als Schreibmaschine<\/em>, <em>MedienAnalysen<\/em>. Bielefeld : Transcript, 2012. Die einzelnen Kapitel sind <a href=\"https:\/\/www.degruyter.com\/document\/doi\/10.1515\/transcript.9783839413333\/html#contents\">hier<\/a> online verf\u00fcgbar (vpn!).<\/p>\n<p style=\"font-weight: 400;\">Holtgrewe, Ursula: <em>Schreib-Dienst: Frauenarbeit im B\u00fcro<\/em>. Marburg : SP-Verlag, 1989<\/p>\n<p style=\"font-weight: 400;\">Holtgrewe, Ursula: Frauenundtechnik: Ueberlegungen zu einer Denkschrift. In: <em>Trotz Fleiss kein Preis<\/em>, 1991<\/p>\n<p style=\"font-weight: 400;\">Kittler, Friedrich: <em>Grammophon. Film. Typewriter<\/em> : Brinkmann und Bose, 1986<\/p>\n<p style=\"font-weight: 400;\">Kittler, Friedrich: <em>Draculas Verm\u00e4chtnis. Technische Schriften<\/em>. Leipzig : Reclam, 1993<\/p>\n<p style=\"font-weight: 400;\">Kittler, Friedrich A.: <em>Aufschreibesysteme 1800\/1900<\/em>. 2., erw. u. korr. Aufl. Aufl. M\u00fcnchen : Fink, 1987<\/p>\n<p style=\"font-weight: 400;\">Liebowitz, S. J.\/Margolis, Stephen E.\/Chicago, The University of\/Gamberini, Marie-Christine: La fable du clavier. In: <em>R\u00e9seaux. Communication &#8211; Technologie &#8211; Soci\u00e9t\u00e9<\/em> Bd. 16, Pers\u00e9e &#8211; Portail des revues scientifiques en SHS (1998), Nr.\u00a087, S.\u00a023\u201344<\/p>\n<p style=\"font-weight: 400;\">Lobin, Henning: <em>Engelbarts Traum: wie der Computer uns Lesen und Schreiben abnimmt<\/em>. Frankfurt : Campus Verlag, 2014<\/p>\n<p style=\"font-weight: 400;\">May, Sibylle: <em>Praxishandbuch Chefentlastung: Der Leitfaden F\u00fcr Effizientes Zeitmanagement, Selbstmanagement und Informationsmanagement Im Office<\/em>. Wiesbaden : Springer Gabler. in Springer Fachmedien Wiesbaden GmbH, 2015<\/p>\n<p style=\"font-weight: 400;\">Mussmann, Carin\/Mussmann, Carin: <em>Zwischen Management und Dienstleistung: die Arbeit der Sekret\u00e4rin heute<\/em>. Z\u00fcrich : Verlag des Schweizerischen Kaufm\u00e4nnischen Verbands, 1994<\/p>\n<p style=\"font-weight: 400;\">Neumaier, Hugo: <em>Schreibmaschinenkunde: Entwicklung, Bau und Pflege der Schreibmaschine<\/em> : De Gruyter, 1926<\/p>\n<p style=\"font-weight: 400;\">Roten, Iris von: <em>Frauen im Laufgitter: offene Worte zur Stellung der Frau<\/em>. 5., Auflage, Sonderausgabe. Aufl. Bern : eFeF, 1996<\/p>\n<p style=\"font-weight: 400;\">Schelhowe, Heidi: Mathematik- und Ingenieurtraditionen und die Spuren des Geschlechts in der Informatik. In: Kr\u00e4mer, S. (Hrsg.): <em>Ada Lovelace: die Pionierin der Computertechnik und ihre Nachfolgerinnen<\/em>. Paderborn : Wilhelm Fink, 2015, S.\u00a0129\u2013142<\/p>\n<p style=\"font-weight: 400;\">Schneider, Jan Georg: <em>Spielr\u00e4ume der Medialit\u00e4t. Linguistische Gegenstandskonstitution aus medientheoretischer und pragmatischer Perspektive<\/em>. Berlin, Boston : De Gruyter, 2008<\/p>\n<p style=\"font-weight: 400;\">Tangens, Rena: <em>Androzentrismus in den Wissenschaften und im Netz | Digitalcourage<\/em>. URL <a href=\"https:\/\/digitalcourage.de\/feminismus\/androzentrismus-in-den-wissenschaften-und-im-netz\">https:\/\/digitalcourage.de\/feminismus\/androzentrismus-in-den-wissenschaften-und-im-netz<\/a>. &#8211; abgerufen 2022-09-19<\/p>\n<p style=\"font-weight: 400;\">Truss, Catherine\/Alfes, Kerstin\/Shantz, Amanda\/Rosewarne, Amanda: Still in the ghetto? Experiences of secretarial work in the 21st Century. In: <em>Gender, work, and organization<\/em> Bd. 20. Oxford, UK, Blackwell Publishing Ltd (2013), Nr.\u00a04, S.\u00a0349\u2013363<\/p>\n<p style=\"font-weight: 400;\">Wajcman, Judy: <em>Feminism confronts technology<\/em>. Cambridge, UK : Polity Press, 1991<\/p>\n<p style=\"font-weight: 400;\">Wajcman, Judy\/M\u00fcller, Birgit\/Wajcman, Judy: <em>Technik und Geschlecht: die feministische Technikdebatte<\/em>. Frankfurt am Main : Campus-Verl, 1994<\/p>\n<p style=\"font-weight: 400;\">Weber, Heike: Stecken, Drehen, Dr\u00fccken. In: <em>Technikgeschichte<\/em> Bd. 76 (2009), Nr.\u00a03, S.\u00a0233\u2013254<\/p>\n<p style=\"font-weight: 400;\">Wolf-Pommrich: <em>Handbuch f\u00fcr die Stenotypistin und Sekret\u00e4rin im Druck- und Verlagswesen: Handbuch f\u00fcr Sekretariatstechnik in Verlagen und Druckereien<\/em>. Wiesbaden : Gabler Verlag, 1959<\/p>\n<p style=\"font-weight: 400;\">Zetti, Daniela: Einen Moment bitte. Moderation als Technik im 20. Jahrhundert. In: Schmolinsky, S.\/Hitzke, D.\/Stahl, H. (Hrsg.): <em>Taktungen und Rhythmen<\/em> : De Gruyter, 2018, S.\u00a0173\u2013192<\/p>\n<p style=\"font-weight: 400;\">Schatzki, T. R.\/Knorr-Cetina, K.\/Savigny, E. von (Hrsg.): <em>The practice turn in contemporary theory<\/em>. New York : Routledge, 2001<\/p>\n<p style=\"font-weight: 400;\">Heilmann, T. A.\/Heiden, A. von der\/Tuschling, A. (Hrsg.): <em>Medias in res: medienkulturwissenschaftliche Positionen<\/em>, <em>Medien-Analysen<\/em>. Bielefeld : transcript-Verl, 2011<\/p>\n<p style=\"font-weight: 400;\">Kr\u00e4mer, S. (Hrsg.): <em>Ada Lovelace: die Pionierin der Computertechnik und ihre Nachfolgerinnen<\/em>. Paderborn : Wilhelm Fink, 2015<\/p>\n<p style=\"font-weight: 400;\">Hall, N.\/Ellis, J. (Hrsg.): <em>Hands on media history: a new methodology in the humanities and social sciences<\/em>. London\u202f; New York : Routledge, Taylor &amp; Francis Group, 2020<\/p>\n<p style=\"font-weight: 400;\">Schr\u00f6ter, J.\/Heilmann, T. A. (Hrsg.): <em>Friedrich Kittler: neue Lekt\u00fcren<\/em>. Wiesbaden [Heidelberg] : Springer VS, 2022<\/p>\n","protected":false},"excerpt":{"rendered":"<p>Wir schreiben: Edupad &#8222;Praxistheorie&#8220;: https:\/\/edupad.ch\/p\/4wJA5ugxeL Edupad Seminarnotizen:\u00a0https:\/\/edupad.ch\/p\/Z0NrcTZcKS Wir lesen: Abbate, Janet: Interpreten der Datenverarbeitung: Frauen im Zweiten Weltkrieg und die fr\u00fche Computerindustrie. In: Kr\u00e4mer, S. (Hrsg.): Ada Lovelace: die Pionierin der Computertechnik und ihre Nachfolgerinnen. Paderborn : Wilhelm Fink, 2015, S.\u00a099\u2013113 Bubenhofer, Noah: Visuelle Linguistik: Zur Genese, Funktion und Kategorisierung von Diagrammen in der Sprachwissenschaft, [&hellip;]<\/p>\n","protected":false},"author":2,"featured_media":0,"parent":0,"menu_order":2,"comment_status":"closed","ping_status":"closed","template":"","meta":{"_bbp_topic_count":0,"_bbp_reply_count":0,"_bbp_total_topic_count":0,"_bbp_total_reply_count":0,"_bbp_voice_count":0,"_bbp_anonymous_reply_count":0,"_bbp_topic_count_hidden":0,"_bbp_reply_count_hidden":0,"_bbp_forum_subforum_count":0},"_links":{"self":[{"href":"https:\/\/www.machine-cultures.net\/index.php?rest_route=\/wp\/v2\/pages\/72"}],"collection":[{"href":"https:\/\/www.machine-cultures.net\/index.php?rest_route=\/wp\/v2\/pages"}],"about":[{"href":"https:\/\/www.machine-cultures.net\/index.php?rest_route=\/wp\/v2\/types\/page"}],"author":[{"embeddable":true,"href":"https:\/\/www.machine-cultures.net\/index.php?rest_route=\/wp\/v2\/users\/2"}],"replies":[{"embeddable":true,"href":"https:\/\/www.machine-cultures.net\/index.php?rest_route=%2Fwp%2Fv2%2Fcomments&post=72"}],"version-history":[{"count":9,"href":"https:\/\/www.machine-cultures.net\/index.php?rest_route=\/wp\/v2\/pages\/72\/revisions"}],"predecessor-version":[{"id":257,"href":"https:\/\/www.machine-cultures.net\/index.php?rest_route=\/wp\/v2\/pages\/72\/revisions\/257"}],"wp:attachment":[{"href":"https:\/\/www.machine-cultures.net\/index.php?rest_route=%2Fwp%2Fv2%2Fmedia&parent=72"}],"curies":[{"name":"wp","href":"https:\/\/api.w.org\/{rel}","templated":true}]}}