{"id":180,"date":"2022-10-04T14:21:43","date_gmt":"2022-10-04T14:21:43","guid":{"rendered":"https:\/\/www.machine-cultures.net\/?page_id=180"},"modified":"2022-10-04T18:18:41","modified_gmt":"2022-10-04T18:18:41","slug":"semesterfokus-geraete","status":"publish","type":"page","link":"https:\/\/www.machine-cultures.net\/?page_id=180","title":{"rendered":"Semesterfokus: Ger\u00e4te"},"content":{"rendered":"<figure id=\"attachment_182\" aria-describedby=\"caption-attachment-182\" style=\"width: 500px\" class=\"wp-caption alignnone\"><a href=\"https:\/\/www.etsy.com\/listing\/1311743489\/cute-retro-typewriter-wireless-keyboard?click_key=bdf6aebdcf17bd93e4bad6d34f8a2ee66ba8f84f%3A1311743489&amp;click_sum=c3d442c9&amp;ref=hp_rv-1&amp;frs=1\" target=\"_blank\" rel=\"noopener\"><img decoding=\"async\" loading=\"lazy\" class=\"wp-image-182 size-full\" src=\"https:\/\/www.machine-cultures.net\/wp-content\/uploads\/2022\/10\/Bildschirmfoto-2022-10-04-um-16.20.57-e1664893336450.png\" alt=\"\" width=\"500\" height=\"333\" srcset=\"https:\/\/www.machine-cultures.net\/wp-content\/uploads\/2022\/10\/Bildschirmfoto-2022-10-04-um-16.20.57-e1664893336450.png 500w, https:\/\/www.machine-cultures.net\/wp-content\/uploads\/2022\/10\/Bildschirmfoto-2022-10-04-um-16.20.57-e1664893336450-300x200.png 300w, https:\/\/www.machine-cultures.net\/wp-content\/uploads\/2022\/10\/Bildschirmfoto-2022-10-04-um-16.20.57-e1664893336450-400x266.png 400w\" sizes=\"(max-width: 500px) 100vw, 500px\" \/><\/a><figcaption id=\"caption-attachment-182\" class=\"wp-caption-text\">Alt und neu gemischt. Bild: Etsy (Link im Bild)<\/figcaption><\/figure>\n<p>Hier sammeln wir weitere Maschinen, die f\u00fcr den Semesterfokus zur Auswahl stehen. Bitte einfach im Seminar oder via Email (maaike.kellenberger@uzh.ch) melden, wenn etwas gef\u00e4llt!<\/p>\n<p>Es ist nicht zwingend notwendig, dass man das Ger\u00e4t &#8222;hands-on&#8220; erfahren kann. Es kann auch gerade interessant sein, dar\u00fcber zu reflektieren, was bei einem hands-on-ohne-hands-Approach eben fehlt.<\/p>\n<p>Hier aber ein paar Orte, an denen Maschinen bestaunt und (u. U.) sogar ber\u00fchrt\/benutzt werden k\u00f6nnen:<\/p>\n<ul>\n<li><a href=\"https:\/\/enter.ch\/\">enter.ch &#8211; Das Museum f\u00fcr Computer und Unterhaltungselektronik<\/a><\/li>\n<li><a href=\"https:\/\/www.mfk.ch\/\">Museum f\u00fcr Kommunikation<\/a> in Bern<\/li>\n<li>Daran angeschlossen, das <a href=\"https:\/\/www.mfk.ch\/forschen\/ptt-archiv\">PTT-Archiv\u00a0<\/a><\/li>\n<\/ul>\n<h5>\u00a0M\u00f6gliche Ger\u00e4te \/ Fokusbereiche<\/h5>\n<p>&#8230;zus\u00e4tzlich zu denen, die wir bereits im Kurs besprochen haben.<\/p>\n<ul>\n<li>Stenograph\/Stenographiemaschine (kurze <a href=\"https:\/\/de.wikipedia.org\/wiki\/Maschinenstenografie\">Wiki-Erl\u00e4uterung<\/a>)<\/li>\n<li>Apple II Europlus und \u00e4hnliche<\/li>\n<li>Siri \/ Alexa (Virtual Assistants)<\/li>\n<li>Schreibmaschine Hermes 3000: <a href=\"https:\/\/sommeregger.name\/typewriters\/collection\/hermes_3000.html\">https:\/\/sommeregger.name\/typewriters\/collection\/hermes_3000.html<\/a><\/li>\n<li>Hammond Schreibmaschine: <a href=\"https:\/\/berlin.museum-digital.de\/object\/5253\">https:\/\/berlin.museum-digital.de\/object\/5253<\/a>, <a href=\"https:\/\/de.wikipedia.org\/wiki\/Ferdinand_Schrey\">https:\/\/de.wikipedia.org\/wiki\/Ferdinand_Schrey<\/a><\/li>\n<li>Schreibmaschinenen generell:\n<ul>\n<li><a href=\"https:\/\/www.typewriters.ch\">www.typewriters.ch<\/a><\/li>\n<li><a href=\"http:\/\/www.alte-schreibmaschinen.de\">http:\/\/www.alte-schreibmaschinen.de<\/a><\/li>\n<li>Olivetti-Schreibmaschinen: <a href=\"https:\/\/www.storiaolivetti.it\/\">https:\/\/www.storiaolivetti.it\/<\/a><\/li>\n<li><a href=\"https:\/\/writingmachines.org\">https:\/\/writingmachines.org<\/a><\/li>\n<\/ul>\n<\/li>\n<li>Medienarch\u00e4ologischer Fundus: <a href=\"https:\/\/www.musikundmedien.hu-berlin.de\/de\/medienwissenschaft\/medientheorien\/fundus\">https:\/\/www.musikundmedien.hu-berlin.de\/de\/medienwissenschaft\/medientheorien\/fundus<\/a><\/li>\n<li>erster Laptop: <a href=\"https:\/\/de.wikipedia.org\/wiki\/Osborne_1\">Osborne 1<\/a><\/li>\n<li>Flexowriter: <a href=\"https:\/\/de.wikipedia.org\/wiki\/Schreibautomat\">https:\/\/de.wikipedia.org\/wiki\/Schreibautomat<\/a>, <a href=\"https:\/\/www.peterkernwein.de\/Rechengeraete-Sammlung\/eichner-tronictyper.htm\">https:\/\/www.peterkernwein.de\/Rechengeraete-Sammlung\/eichner-tronictyper.htm<\/a><\/li>\n<li>Wang Word Processor: <a href=\"https:\/\/www.historyofinformation.com\/detail.php?entryid=1166\">https:\/\/www.historyofinformation.com\/detail.php?entryid=1166 <\/a><a href=\"https:\/\/www.youtube.com\/watch?v=K6LN2Zd3x2I\">https:\/\/www.youtube.com\/watch?v=K6LN2Zd3x2I<\/a><\/li>\n<li>Canon Cat: <a href=\"http:\/\/www.canoncat.net\/\">http:\/\/www.canoncat.net\/<\/a><\/li>\n<li>Olivetti TES: <a href=\"https:\/\/www.youtube.com\/watch?v=jZRuJNrYLMk\">https:\/\/www.youtube.com\/watch?v=jZRuJNrYLMk<\/a><\/li>\n<\/ul>\n","protected":false},"excerpt":{"rendered":"<p>Hier sammeln wir weitere Maschinen, die f\u00fcr den Semesterfokus zur Auswahl stehen. Bitte einfach im Seminar oder via Email (maaike.kellenberger@uzh.ch) melden, wenn etwas gef\u00e4llt! Es ist nicht zwingend notwendig, dass man das Ger\u00e4t &#8222;hands-on&#8220; erfahren kann. Es kann auch gerade interessant sein, dar\u00fcber zu reflektieren, was bei einem hands-on-ohne-hands-Approach eben fehlt. Hier aber ein paar [&hellip;]<\/p>\n","protected":false},"author":2,"featured_media":0,"parent":0,"menu_order":0,"comment_status":"closed","ping_status":"closed","template":"","meta":{"_bbp_topic_count":0,"_bbp_reply_count":0,"_bbp_total_topic_count":0,"_bbp_total_reply_count":0,"_bbp_voice_count":0,"_bbp_anonymous_reply_count":0,"_bbp_topic_count_hidden":0,"_bbp_reply_count_hidden":0,"_bbp_forum_subforum_count":0},"_links":{"self":[{"href":"https:\/\/www.machine-cultures.net\/index.php?rest_route=\/wp\/v2\/pages\/180"}],"collection":[{"href":"https:\/\/www.machine-cultures.net\/index.php?rest_route=\/wp\/v2\/pages"}],"about":[{"href":"https:\/\/www.machine-cultures.net\/index.php?rest_route=\/wp\/v2\/types\/page"}],"author":[{"embeddable":true,"href":"https:\/\/www.machine-cultures.net\/index.php?rest_route=\/wp\/v2\/users\/2"}],"replies":[{"embeddable":true,"href":"https:\/\/www.machine-cultures.net\/index.php?rest_route=%2Fwp%2Fv2%2Fcomments&post=180"}],"version-history":[{"count":8,"href":"https:\/\/www.machine-cultures.net\/index.php?rest_route=\/wp\/v2\/pages\/180\/revisions"}],"predecessor-version":[{"id":191,"href":"https:\/\/www.machine-cultures.net\/index.php?rest_route=\/wp\/v2\/pages\/180\/revisions\/191"}],"wp:attachment":[{"href":"https:\/\/www.machine-cultures.net\/index.php?rest_route=%2Fwp%2Fv2%2Fmedia&parent=180"}],"curies":[{"name":"wp","href":"https:\/\/api.w.org\/{rel}","templated":true}]}}